{"id":13029,"date":"2023-07-24T18:42:10","date_gmt":"2023-07-24T18:42:10","guid":{"rendered":"https:\/\/www.tuxpan-jal.gob.mx\/webok\/?page_id=13029"},"modified":"2023-07-24T19:55:24","modified_gmt":"2023-07-24T19:55:24","slug":"jose-apolonio-de-jesus-contreras-garcia","status":"publish","type":"page","link":"https:\/\/www.tuxpan-jal.gob.mx\/webok\/?page_id=13029","title":{"rendered":"Jos\u00e9 Apolonio de Jes\u00fas Contreras Garc\u00eda"},"content":{"rendered":"","protected":false},"excerpt":{"rendered":"","protected":false},"author":1,"featured_media":0,"parent":0,"menu_order":0,"comment_status":"closed","ping_status":"closed","template":"","meta":{"ub_ctt_via":"","footnotes":""},"class_list":["post-13029","page","type-page","status-publish","hentry"],"featured_image_src":null,"_links":{"self":[{"href":"https:\/\/www.tuxpan-jal.gob.mx\/webok\/index.php?rest_route=\/wp\/v2\/pages\/13029","targetHints":{"allow":["GET"]}}],"collection":[{"href":"https:\/\/www.tuxpan-jal.gob.mx\/webok\/index.php?rest_route=\/wp\/v2\/pages"}],"about":[{"href":"https:\/\/www.tuxpan-jal.gob.mx\/webok\/index.php?rest_route=\/wp\/v2\/types\/page"}],"author":[{"embeddable":true,"href":"https:\/\/www.tuxpan-jal.gob.mx\/webok\/index.php?rest_route=\/wp\/v2\/users\/1"}],"replies":[{"embeddable":true,"href":"https:\/\/www.tuxpan-jal.gob.mx\/webok\/index.php?rest_route=%2Fwp%2Fv2%2Fcomments&post=13029"}],"version-history":[{"count":1,"href":"https:\/\/www.tuxpan-jal.gob.mx\/webok\/index.php?rest_route=\/wp\/v2\/pages\/13029\/revisions"}],"predecessor-version":[{"id":13030,"href":"https:\/\/www.tuxpan-jal.gob.mx\/webok\/index.php?rest_route=\/wp\/v2\/pages\/13029\/revisions\/13030"}],"wp:attachment":[{"href":"https:\/\/www.tuxpan-jal.gob.mx\/webok\/index.php?rest_route=%2Fwp%2Fv2%2Fmedia&parent=13029"}],"curies":[{"name":"wp","href":"https:\/\/api.w.org\/{rel}","templated":true}]}}