{"id":26630,"date":"2025-10-27T20:14:37","date_gmt":"2025-10-27T20:14:37","guid":{"rendered":"https:\/\/www.tuxpan-jal.gob.mx\/webok\/?page_id=26630"},"modified":"2025-11-05T20:16:16","modified_gmt":"2025-11-05T20:16:16","slug":"reglamento-del-sistema-municipal-de-proteccion-integral-de-ninas-ninos-y-adolescentesdel-municipio-de-tuxpan-jalisco","status":"publish","type":"page","link":"https:\/\/www.tuxpan-jal.gob.mx\/webok\/?page_id=26630","title":{"rendered":"REGLAMENTO DEL SISTEMA MUNICIPAL DE PROTECCI\u00d3N INTEGRAL DE NI\u00d1AS, NI\u00d1OS Y ADOLESCENTESDEL MUNICIPIO DE TUXPAN JALISCO."},"content":{"rendered":"\n<p>&lt;click en imagen  para descargar reglamento ><\/p>\n\n\n\n<figure class=\"wp-block-image size-full\"><a href=\"https:\/\/www.tuxpan-jal.gob.mx\/webok\/wp-content\/uploads\/2025\/11\/REGLAMENTO-SIPINNA-TUXPAN-JALISCO-ok.pdf\"><img loading=\"lazy\" decoding=\"async\" width=\"2550\" height=\"3300\" src=\"https:\/\/www.tuxpan-jal.gob.mx\/webok\/wp-content\/uploads\/2025\/11\/banREGLAMENTO-SIPINNA-TUXPAN-JALISCO-ok-1.jpg\" alt=\"\" class=\"wp-image-26629\"\/><\/a><\/figure>\n","protected":false},"excerpt":{"rendered":"<p>&lt;click en imagen para descargar reglamento ><\/p>\n","protected":false},"author":1,"featured_media":0,"parent":0,"menu_order":0,"comment_status":"closed","ping_status":"closed","template":"","meta":{"ub_ctt_via":"","footnotes":""},"class_list":["post-26630","page","type-page","status-publish","hentry"],"featured_image_src":null,"_links":{"self":[{"href":"https:\/\/www.tuxpan-jal.gob.mx\/webok\/index.php?rest_route=\/wp\/v2\/pages\/26630","targetHints":{"allow":["GET"]}}],"collection":[{"href":"https:\/\/www.tuxpan-jal.gob.mx\/webok\/index.php?rest_route=\/wp\/v2\/pages"}],"about":[{"href":"https:\/\/www.tuxpan-jal.gob.mx\/webok\/index.php?rest_route=\/wp\/v2\/types\/page"}],"author":[{"embeddable":true,"href":"https:\/\/www.tuxpan-jal.gob.mx\/webok\/index.php?rest_route=\/wp\/v2\/users\/1"}],"replies":[{"embeddable":true,"href":"https:\/\/www.tuxpan-jal.gob.mx\/webok\/index.php?rest_route=%2Fwp%2Fv2%2Fcomments&post=26630"}],"version-history":[{"count":1,"href":"https:\/\/www.tuxpan-jal.gob.mx\/webok\/index.php?rest_route=\/wp\/v2\/pages\/26630\/revisions"}],"predecessor-version":[{"id":26631,"href":"https:\/\/www.tuxpan-jal.gob.mx\/webok\/index.php?rest_route=\/wp\/v2\/pages\/26630\/revisions\/26631"}],"wp:attachment":[{"href":"https:\/\/www.tuxpan-jal.gob.mx\/webok\/index.php?rest_route=%2Fwp%2Fv2%2Fmedia&parent=26630"}],"curies":[{"name":"wp","href":"https:\/\/api.w.org\/{rel}","templated":true}]}}