{"id":4425,"date":"2022-06-21T19:53:39","date_gmt":"2022-06-21T19:53:39","guid":{"rendered":"https:\/\/www.tuxpan-jal.gob.mx\/webok\/?page_id=4425"},"modified":"2025-09-08T19:32:38","modified_gmt":"2025-09-08T19:32:38","slug":"reglamentos-municipales","status":"publish","type":"page","link":"https:\/\/www.tuxpan-jal.gob.mx\/webok\/?page_id=4425","title":{"rendered":"REGLAMENTOS MUNICIPALES"},"content":{"rendered":"\n<p>Reglamento de Participaci\u00f3n Ciudadana Reformado <a href=\"https:\/\/www.tuxpan-jal.gob.mx\/transparencia-2022\/reglamentos_municipales\/REGLAMENTO DE PARTICIPACION CIUDADANA reformado.pdf\" target=\"_blank\" rel=\"noreferrer noopener\"><img loading=\"lazy\" decoding=\"async\" width=\"26\" height=\"25\" class=\"wp-image-3792\" style=\"width: 26px;\" src=\"https:\/\/www.tuxpan-jal.gob.mx\/webok\/wp-content\/uploads\/2022\/05\/pdf-icon2.png\" alt=\"pdf-icon\"><\/a><\/p>\n\n\n\n<p>C\u00f3digo de \u00e9tica  <a rel=\"noreferrer noopener\" href=\"https:\/\/tuxpan-jal.gob.mx\/transparencia-2022\/codigo%20de%20etica.pdf\" target=\"_blank\"><img loading=\"lazy\" decoding=\"async\" width=\"26\" height=\"25\" class=\"wp-image-2393\" style=\"width: 26px;\" src=\"https:\/\/www.tuxpan-jal.gob.mx\/webok\/wp-content\/uploads\/2022\/01\/pdf-icon2.png\" alt=\"\"><\/a> <\/p>\n\n\n\n<p>atribuciones de bienestar ind\u00edgena de Tuxpan 2022 <a rel=\"noreferrer noopener\" href=\"https:\/\/tuxpan-jal.gob.mx\/transparencia-2022\/atribuciones%20de%20bienestar%20indigena%20de%20tuxpan%202022.pdf\" target=\"_blank\"><img loading=\"lazy\" decoding=\"async\" width=\"26\" height=\"25\" class=\"wp-image-2393\" style=\"width: 26px;\" src=\"https:\/\/www.tuxpan-jal.gob.mx\/webok\/wp-content\/uploads\/2022\/01\/pdf-icon2.png\" alt=\"\"><\/a><\/p>\n\n\n\n<p>Reglamento General De Gobierno Y Del Municipio De Tuxpan, Jalisco  <a href=\"http:\/\/tuxpan-jal.gob.mx\/web\/Reglamentos%20Municipales\/REFORMA%20REGLAMENTO%20GRAL%20DE%20GOBIERNO%20TUXPAN.pdf\" target=\"_blank\" rel=\"noreferrer noopener\"><img loading=\"lazy\" decoding=\"async\" width=\"26\" height=\"25\" class=\"wp-image-2393\" style=\"width: 26px;\" src=\"https:\/\/www.tuxpan-jal.gob.mx\/webok\/wp-content\/uploads\/2022\/01\/pdf-icon2.png\" alt=\"\"><\/a> <\/p>\n\n\n\n<p>Reglamento De Participaci\u00f3n Ciudadana Del Municipio De Tuxpan, Jalisco  <a href=\"http:\/\/tuxpan-jal.gob.mx\/web\/Reglamentos%20Municipales\/REGLAMENTO%20PARTICIPACI%C3%93N%20CIUDADANA%20TUXPAN.pdf\" target=\"_blank\" rel=\"noreferrer noopener\"><img loading=\"lazy\" decoding=\"async\" width=\"26\" height=\"25\" class=\"wp-image-2393\" style=\"width: 26px;\" src=\"https:\/\/www.tuxpan-jal.gob.mx\/webok\/wp-content\/uploads\/2022\/01\/pdf-icon2.png\" alt=\"\"><\/a> <\/p>\n\n\n\n<p>Reglamento Interior Del Consejo T\u00e9cnico Catastral Del Municipio De Tuxpan, Jalisco  <a href=\"http:\/\/tuxpan-jal.gob.mx\/web\/Reglamentos%20Municipales\/REGLAMENTO%20INTERIOR%20DEL%20CATASTRO%20TUXPAN.pdf\" target=\"_blank\" rel=\"noreferrer noopener\"><img loading=\"lazy\" decoding=\"async\" width=\"26\" height=\"25\" class=\"wp-image-2393\" style=\"width: 26px;\" src=\"https:\/\/www.tuxpan-jal.gob.mx\/webok\/wp-content\/uploads\/2022\/01\/pdf-icon2.png\" alt=\"\"><\/a> <\/p>\n\n\n\n<p>Reglamento Interior Del Comit\u00e9 De Planeaci\u00f3n Para El Desarrollo Municipal De Tuxpan, Jalisco  <a href=\"http:\/\/tuxpan-jal.gob.mx\/web\/Reglamentos%20Municipales\/REGLAMENTO%20INTERIOR%20COPLADEMUN%20TUXPAN.pdf\" target=\"_blank\" rel=\"noreferrer noopener\"><img loading=\"lazy\" decoding=\"async\" width=\"26\" height=\"25\" class=\"wp-image-2393\" style=\"width: 26px;\" src=\"https:\/\/www.tuxpan-jal.gob.mx\/webok\/wp-content\/uploads\/2022\/01\/pdf-icon2.png\" alt=\"\"><\/a> <\/p>\n\n\n\n<p>Reglamento Municipal De La Ley De Acceso De Las Mujeres A Una Vida Libre De Violencia  <a href=\"http:\/\/tuxpan-jal.gob.mx\/web\/Reglamentos%20Municipales\/Reglamento%20Municipal%20de%20la%20Ley%20de%20Acceso%20de%20las%20Mujeres%20a%20una%20Vida%20Libre%20de%20Violencia%20para%20el%20Municipio%20de%20Tuxpan.pdf\" target=\"_blank\" rel=\"noreferrer noopener\"><img loading=\"lazy\" decoding=\"async\" width=\"26\" height=\"25\" class=\"wp-image-2393\" style=\"width: 26px;\" src=\"https:\/\/www.tuxpan-jal.gob.mx\/webok\/wp-content\/uploads\/2022\/01\/pdf-icon2.png\" alt=\"\"><\/a> <\/p>\n\n\n\n<p>Reglamento Del Consejo De Giros Restringidos Sobre La Venta Y Consumo De Bebidas Alcoh\u00f3licas Del Municipio De Tuxpan, Jalisco  <a href=\"http:\/\/tuxpan-jal.gob.mx\/web\/reglamento%20bebidas.pdf\" target=\"_blank\" rel=\"noreferrer noopener\"><img loading=\"lazy\" decoding=\"async\" width=\"26\" height=\"25\" class=\"wp-image-2393\" style=\"width: 26px;\" src=\"https:\/\/www.tuxpan-jal.gob.mx\/webok\/wp-content\/uploads\/2022\/01\/pdf-icon2.png\" alt=\"\"><\/a> <\/p>\n\n\n\n<p>C\u00f3digo De \u00c9tica Del Ayuntamiento De Tuxpan, Jalisco  <a href=\"http:\/\/tuxpan-jal.gob.mx\/web\/codigo%20de%20etica%20ayuntamiento%20de%20tuxpan%20jalisco.pdf\" target=\"_blank\" rel=\"noreferrer noopener\"><img loading=\"lazy\" decoding=\"async\" width=\"26\" height=\"25\" class=\"wp-image-2393\" style=\"width: 26px;\" src=\"https:\/\/www.tuxpan-jal.gob.mx\/webok\/wp-content\/uploads\/2022\/01\/pdf-icon2.png\" alt=\"\"><\/a> <\/p>\n\n\n\n<p>Reglamento De Medio Ambiente  <a href=\"http:\/\/tuxpan-jal.gob.mx\/web\/REGLAMENTO%20MEDIO%20AMBIENTE%20.pdf\" target=\"_blank\" rel=\"noreferrer noopener\"><img loading=\"lazy\" decoding=\"async\" width=\"26\" height=\"25\" class=\"wp-image-2393\" style=\"width: 26px;\" src=\"https:\/\/www.tuxpan-jal.gob.mx\/webok\/wp-content\/uploads\/2022\/01\/pdf-icon2.png\" alt=\"\"><\/a> <\/p>\n\n\n\n<p>Reglamento De Aseo Publico  <a href=\"http:\/\/tuxpan-jal.gob.mx\/web\/reglamentos\/110%20Tuxpan\/Reglamento%20Aseo%20Publico.pdf\" target=\"_blank\" rel=\"noreferrer noopener\"><img loading=\"lazy\" decoding=\"async\" width=\"26\" height=\"25\" class=\"wp-image-2393\" style=\"width: 26px;\" src=\"https:\/\/www.tuxpan-jal.gob.mx\/webok\/wp-content\/uploads\/2022\/01\/pdf-icon2.png\" alt=\"\"><\/a> <\/p>\n\n\n\n<p>Reglamento De Cementerios  <a href=\"http:\/\/tuxpan-jal.gob.mx\/web\/reglamentos\/110%20Tuxpan\/Reglamento%20Cementerios.pdf\" target=\"_blank\" rel=\"noreferrer noopener\"><img loading=\"lazy\" decoding=\"async\" width=\"26\" height=\"25\" class=\"wp-image-2393\" style=\"width: 26px;\" src=\"https:\/\/www.tuxpan-jal.gob.mx\/webok\/wp-content\/uploads\/2022\/01\/pdf-icon2.png\" alt=\"\"><\/a> <\/p>\n\n\n\n<p>Reglamento De Compras  <a href=\"http:\/\/tuxpan-jal.gob.mx\/web\/reglamentos\/110%20Tuxpan\/Reglamento%20Compras.pdf\" target=\"_blank\" rel=\"noreferrer noopener\"><img loading=\"lazy\" decoding=\"async\" width=\"26\" height=\"25\" class=\"wp-image-2393\" style=\"width: 26px;\" src=\"https:\/\/www.tuxpan-jal.gob.mx\/webok\/wp-content\/uploads\/2022\/01\/pdf-icon2.png\" alt=\"\"><\/a> <\/p>\n\n\n\n<p>Reglamento De La Casa De Cultura  <a href=\"http:\/\/tuxpan-jal.gob.mx\/web\/reglamentos\/110%20Tuxpan\/Reglamento%20de%20la%20Casa%20de%20la%20Cultura%20ok.pdf\" target=\"_blank\" rel=\"noreferrer noopener\"><img loading=\"lazy\" decoding=\"async\" width=\"26\" height=\"25\" class=\"wp-image-2393\" style=\"width: 26px;\" src=\"https:\/\/www.tuxpan-jal.gob.mx\/webok\/wp-content\/uploads\/2022\/01\/pdf-icon2.png\" alt=\"\"><\/a> <\/p>\n\n\n\n<p>Reglamento Designaci\u00f3n De Delegados Municipales  <a href=\"http:\/\/tuxpan-jal.gob.mx\/web\/reglamentos\/110%20Tuxpan\/Reglamento%20Designacion%20Delegados%20Mpales.pdf\" target=\"_blank\" rel=\"noreferrer noopener\"><img loading=\"lazy\" decoding=\"async\" width=\"26\" height=\"25\" class=\"wp-image-2393\" style=\"width: 26px;\" src=\"https:\/\/www.tuxpan-jal.gob.mx\/webok\/wp-content\/uploads\/2022\/01\/pdf-icon2.png\" alt=\"\"><\/a> <\/p>\n\n\n\n<p>Reglamento General De Ferias Y Espect\u00e1culos  <a href=\"http:\/\/tuxpan-jal.gob.mx\/web\/reglamentos\/110%20Tuxpan\/Reglamento%20General%20Ferias%20Espectaculos.pdf\" target=\"_blank\" rel=\"noreferrer noopener\"><img loading=\"lazy\" decoding=\"async\" width=\"26\" height=\"25\" class=\"wp-image-2393\" style=\"width: 26px;\" src=\"https:\/\/www.tuxpan-jal.gob.mx\/webok\/wp-content\/uploads\/2022\/01\/pdf-icon2.png\" alt=\"\"><\/a> <\/p>\n\n\n\n<p>Reglamento General De Gobierno Del Ayuntamiento  <a href=\"http:\/\/tuxpan-jal.gob.mx\/web\/REGLAMENTO%20GRAL%20DE%20GOB%20TUXPAN%20FINAL%20N.pdf\" target=\"_blank\" rel=\"noreferrer noopener\"><img loading=\"lazy\" decoding=\"async\" width=\"26\" height=\"25\" class=\"wp-image-2393\" style=\"width: 26px;\" src=\"https:\/\/www.tuxpan-jal.gob.mx\/webok\/wp-content\/uploads\/2022\/01\/pdf-icon2.png\" alt=\"\"><\/a> <\/p>\n\n\n\n<p>Reglamento Juzgado Municipal  <a href=\"http:\/\/tuxpan-jal.gob.mx\/web\/reglamentos\/110%20Tuxpan\/Reglamento%20Juzgado%20Municipal.pdf\" target=\"_blank\" rel=\"noreferrer noopener\"><img loading=\"lazy\" decoding=\"async\" width=\"26\" height=\"25\" class=\"wp-image-2393\" style=\"width: 26px;\" src=\"https:\/\/www.tuxpan-jal.gob.mx\/webok\/wp-content\/uploads\/2022\/01\/pdf-icon2.png\" alt=\"\"><\/a> <\/p>\n\n\n\n<p>Reglamento Plantaci\u00f3n Y Derribo De Arboles  <a href=\"http:\/\/tuxpan-jal.gob.mx\/web\/reglamentos\/110%20Tuxpan\/Reglamento%20Plantacion%20Derribo%20Arboles.pdf\" target=\"_blank\" rel=\"noreferrer noopener\"><img loading=\"lazy\" decoding=\"async\" width=\"26\" height=\"25\" class=\"wp-image-2393\" style=\"width: 26px;\" src=\"https:\/\/www.tuxpan-jal.gob.mx\/webok\/wp-content\/uploads\/2022\/01\/pdf-icon2.png\" alt=\"\"><\/a> <\/p>\n\n\n\n<p>Reglamento Rastro Y Servicios  <a href=\"http:\/\/tuxpan-jal.gob.mx\/web\/reglamentos\/110%20Tuxpan\/Reglamento%20Rastro%20y%20Servicios.pdf\" target=\"_blank\" rel=\"noreferrer noopener\"><img loading=\"lazy\" decoding=\"async\" width=\"26\" height=\"25\" class=\"wp-image-2393\" style=\"width: 26px;\" src=\"https:\/\/www.tuxpan-jal.gob.mx\/webok\/wp-content\/uploads\/2022\/01\/pdf-icon2.png\" alt=\"\"><\/a> <\/p>\n\n\n\n<p>Reglamento Servicios De Agua Potable  <a href=\"http:\/\/tuxpan-jal.gob.mx\/web\/reglamentos\/110%20Tuxpan\/Reglamento%20Servicios%20de%20Agua%20Potable.pdf\" target=\"_blank\" rel=\"noreferrer noopener\"><img loading=\"lazy\" decoding=\"async\" width=\"26\" height=\"25\" class=\"wp-image-2393\" style=\"width: 26px;\" src=\"https:\/\/www.tuxpan-jal.gob.mx\/webok\/wp-content\/uploads\/2022\/01\/pdf-icon2.png\" alt=\"\"><\/a> <\/p>\n\n\n\n<p>Reglamento Servicios Educativos  <a href=\"http:\/\/tuxpan-jal.gob.mx\/web\/reglamentos\/110%20Tuxpan\/Reglamento%20Servicios%20Educativos.pdf\" target=\"_blank\" rel=\"noreferrer noopener\"><img loading=\"lazy\" decoding=\"async\" width=\"26\" height=\"25\" class=\"wp-image-2393\" style=\"width: 26px;\" src=\"https:\/\/www.tuxpan-jal.gob.mx\/webok\/wp-content\/uploads\/2022\/01\/pdf-icon2.png\" alt=\"\"><\/a> <\/p>\n\n\n\n<p>Reglamento Uso De Veh\u00edculos Oficiales  <a href=\"http:\/\/tuxpan-jal.gob.mx\/web\/reglamentos\/110%20Tuxpan\/Reglamento%20Uso%20Vehiculos%20Oficiales.pdf\" target=\"_blank\" rel=\"noreferrer noopener\"><img loading=\"lazy\" decoding=\"async\" width=\"26\" height=\"25\" class=\"wp-image-2393\" style=\"width: 26px;\" src=\"https:\/\/www.tuxpan-jal.gob.mx\/webok\/wp-content\/uploads\/2022\/01\/pdf-icon2.png\" alt=\"\"><\/a> <\/p>\n\n\n\n<p>Reglamento De Bando Y Buen Gobierno <a href=\"http:\/\/tuxpan-jal.gob.mx\/web\/BANDO%20DE%20POLICIA%20Y%20BUEN%20GOBIERNO%20n.pdf\" target=\"_blank\" rel=\"noreferrer noopener\"><img loading=\"lazy\" decoding=\"async\" width=\"26\" height=\"25\" class=\"wp-image-2393\" style=\"width: 26px;\" src=\"https:\/\/www.tuxpan-jal.gob.mx\/webok\/wp-content\/uploads\/2022\/01\/pdf-icon2.png\" alt=\"\"><\/a> <\/p>\n\n\n\n<p>Reglamento De Protecci\u00f3n A Los Animales <a rel=\"noreferrer noopener\" href=\"http:\/\/tuxpan-jal.gob.mx\/web\/reglamentos\/110%20Tuxpan\/REGLAMENTO%20DE%20BANDO%20Y%20BUEN%20GOBIERNO.pdf\" target=\"_blank\"><img loading=\"lazy\" decoding=\"async\" width=\"26\" height=\"25\" class=\"wp-image-2393\" style=\"width: 26px;\" src=\"https:\/\/www.tuxpan-jal.gob.mx\/webok\/wp-content\/uploads\/2022\/01\/pdf-icon2.png\" alt=\"\"><\/a> <\/p>\n\n\n\n<p>Reglamento De Seguridad P\u00fablica Del Municipio De Tuxpan Jalisco <a href=\"http:\/\/tuxpan-jal.gob.mx\/web\/REGLAMENTO%20DE%20SEGURIDAD%20PUBLICA%20DEL%20MUNICIPIO%20DE%20TUXPAN%20n.pdf\" target=\"_blank\" rel=\"noreferrer noopener\"><img loading=\"lazy\" decoding=\"async\" width=\"26\" height=\"25\" class=\"wp-image-2393\" style=\"width: 26px;\" src=\"https:\/\/www.tuxpan-jal.gob.mx\/webok\/wp-content\/uploads\/2022\/01\/pdf-icon2.png\" alt=\"\"><\/a> <\/p>\n\n\n\n<p>Reglamento Municipal De Protecci\u00f3n Civil Tuxpan <a href=\"http:\/\/tuxpan-jal.gob.mx\/web\/Reglamentos%20Municipales\/REGLAMENTO%20MPAL%20UMPCT.pdf\" target=\"_blank\" rel=\"noreferrer noopener\"><img loading=\"lazy\" decoding=\"async\" width=\"26\" height=\"25\" class=\"wp-image-2393\" style=\"width: 26px;\" src=\"https:\/\/www.tuxpan-jal.gob.mx\/webok\/wp-content\/uploads\/2022\/01\/pdf-icon2.png\" alt=\"\"><\/a> <\/p>\n\n\n\n<p>Reglamento De Estacion\u00f3 Metros Del Municipio De Tuxpan Jalisco <a href=\"http:\/\/tuxpan-jal.gob.mx\/web\/REGLAMENTO%20MUNICIPAL%20DE%20ESTACIONOMETROS.pdf\" target=\"_blank\" rel=\"noreferrer noopener\"><img loading=\"lazy\" decoding=\"async\" width=\"26\" height=\"25\" class=\"wp-image-2393\" style=\"width: 26px;\" src=\"https:\/\/www.tuxpan-jal.gob.mx\/webok\/wp-content\/uploads\/2022\/01\/pdf-icon2.png\" alt=\"\"><\/a> <\/p>\n\n\n\n<p>Reglamento Para La Transparencia Y Acceso A La Informaci\u00f3n Publica Del H. Ayuntamiento De Tuxpan Jalisco  <a href=\"http:\/\/tuxpan-jal.gob.mx\/web\/Reglamentos%20Municipales\/REGLAMENTO%20PARA%20LA%20TRANSPARENCIA%20Y%20ACCESO%20A%20LA%20INFORMACION%20PUBLICA%20DEL%20H.pdf\" target=\"_blank\" rel=\"noreferrer noopener\"><img loading=\"lazy\" decoding=\"async\" width=\"26\" height=\"25\" class=\"wp-image-2393\" style=\"width: 26px;\" src=\"https:\/\/www.tuxpan-jal.gob.mx\/webok\/wp-content\/uploads\/2022\/01\/pdf-icon2.png\" alt=\"\"><\/a> <\/p>\n\n\n\n<p>Reglamento De Desarrollo Urbano, Construcciones Y Ordenamiento Territorial Para El Municipio De Tuxpan, Jalisco  <a href=\"http:\/\/tuxpan-jal.gob.mx\/web\/Reglamentos%20Municipales\/REGLAMENTO%20DE%20DESARROLLO%20URBANO,%20CONSTRUCCIONES%20Y%20ORDENAMIENTO%20tuxpan.pdf\" target=\"_blank\" rel=\"noreferrer noopener\"><img loading=\"lazy\" decoding=\"async\" width=\"26\" height=\"25\" class=\"wp-image-2393\" style=\"width: 26px;\" src=\"https:\/\/www.tuxpan-jal.gob.mx\/webok\/wp-content\/uploads\/2022\/01\/pdf-icon2.png\" alt=\"\"><\/a> <\/p>\n\n\n\n<p>Reglamento Municipal Para La Igualdad Sustantiva Entre Mujeres Y Hombres  <a href=\"http:\/\/tuxpan-jal.gob.mx\/web\/Reglamentos%20Municipales\/REGLAMENTO%20MUNICIPAL%20PARA%20LA%20IGUALDAD%20SUSTANTIVA%20ENTRE%20MUJERES%20Y%20HOMBRES.pdf\" target=\"_blank\" rel=\"noreferrer noopener\"><img loading=\"lazy\" decoding=\"async\" width=\"26\" height=\"25\" class=\"wp-image-2393\" style=\"width: 26px;\" src=\"https:\/\/www.tuxpan-jal.gob.mx\/webok\/wp-content\/uploads\/2022\/01\/pdf-icon2.png\" alt=\"\"><\/a> <\/p>\n\n\n\n<p>Reglamento Bando De Polic\u00eda Y Buen Gobierno De Tuxpan, Jalisco  <a href=\"http:\/\/tuxpan-jal.gob.mx\/web\/Reglamentos%20Municipales\/REGLAMENTO%20BANDO%20DE%20POLICIA%20Y%20BUEN%20GOBIERNO%20DE%20TUXPAN,%20JALISCO.pdf\" target=\"_blank\" rel=\"noreferrer noopener\"><img loading=\"lazy\" decoding=\"async\" width=\"26\" height=\"25\" class=\"wp-image-2393\" style=\"width: 26px;\" src=\"https:\/\/www.tuxpan-jal.gob.mx\/webok\/wp-content\/uploads\/2022\/01\/pdf-icon2.png\" alt=\"\"><\/a> <\/p>\n\n\n\n<p>Condiciones Generales De Trabajo  <a href=\"http:\/\/tuxpan-jal.gob.mx\/web\/Reglamentos%20Municipales\/condiciones%20generales%20de%20trabajo.pdf\" target=\"_blank\" rel=\"noreferrer noopener\"><img loading=\"lazy\" decoding=\"async\" width=\"26\" height=\"25\" class=\"wp-image-2393\" style=\"width: 26px;\" src=\"https:\/\/www.tuxpan-jal.gob.mx\/webok\/wp-content\/uploads\/2022\/01\/pdf-icon2.png\" alt=\"\"><\/a> <\/p>\n\n\n\n<p>Ley De Ingresos Tuxpan 2016  <a href=\"http:\/\/tuxpan-jal.gob.mx\/web\/Reglamentos%20Municipales\/Ley%20de%20Ingresos%20Tuxpan%202016.pdf\" target=\"_blank\" rel=\"noreferrer noopener\"><img loading=\"lazy\" decoding=\"async\" width=\"26\" height=\"25\" class=\"wp-image-2393\" style=\"width: 26px;\" src=\"https:\/\/www.tuxpan-jal.gob.mx\/webok\/wp-content\/uploads\/2022\/01\/pdf-icon2.png\" alt=\"\"><\/a> <\/p>\n\n\n\n<p>Ley De Ingresos Del Municipio De Tuxpan, Jalisco, Para El Ejercicio Fiscal Del A\u00f1o 2013  <a href=\"http:\/\/tuxpan-jal.gob.mx\/web\/Leyes%20Estatales\/tuxpan2013.pdf\"><img loading=\"lazy\" decoding=\"async\" width=\"26\" height=\"25\" class=\"wp-image-2393\" style=\"width: 26px;\" src=\"https:\/\/www.tuxpan-jal.gob.mx\/webok\/wp-content\/uploads\/2022\/01\/pdf-icon2.png\" alt=\"\"><\/a> <\/p>\n\n\n\n<p>Ley De Ingresos Del Municipio De Tuxpan, Jalisco, Para El Ejercicio Fiscal Del A\u00f1o 2014  <a href=\"http:\/\/tuxpan-jal.gob.mx\/web\/Leyes%20Estatales\/tuxpan2014.pdf\"><img loading=\"lazy\" decoding=\"async\" width=\"26\" height=\"25\" class=\"wp-image-2393\" style=\"width: 26px;\" src=\"https:\/\/www.tuxpan-jal.gob.mx\/webok\/wp-content\/uploads\/2022\/01\/pdf-icon2.png\" alt=\"\"><\/a> <\/p>\n\n\n\n<p>Ley De Ingresos Del Municipio De Tuxpan, Jalisco, Para El Ejercicio Fiscal Del A\u00f1o 2015  <a href=\"http:\/\/tuxpan-jal.gob.mx\/web\/Leyes%20Estatales\/Tuxpan2015.pdf\"><img loading=\"lazy\" decoding=\"async\" width=\"26\" height=\"25\" class=\"wp-image-2393\" style=\"width: 26px;\" src=\"https:\/\/www.tuxpan-jal.gob.mx\/webok\/wp-content\/uploads\/2022\/01\/pdf-icon2.png\" alt=\"\"><\/a> <\/p>\n\n\n\n<p>Ley De Ingresos Del Municipio De Tuxpan, Jalisco Para El Ejercicio Fiscal Del A\u00f1o 2017  <a href=\"http:\/\/tuxpan-jal.gob.mx\/web\/Reglamentos%20Municipales\/Ley%20de%20Ingresos%20del%20Ayuntamiento%20de%20Tuxpan%202017.pdf\"><img loading=\"lazy\" decoding=\"async\" width=\"26\" height=\"25\" class=\"wp-image-2393\" style=\"width: 26px;\" src=\"https:\/\/www.tuxpan-jal.gob.mx\/webok\/wp-content\/uploads\/2022\/01\/pdf-icon2.png\" alt=\"\"><\/a> <\/p>\n\n\n\n<p>Ley De Ingresos Del Municipio De Tuxpan, Jalisco Para El Ejercicio Fiscal Del A\u00f1o 2018  <a href=\"http:\/\/tuxpan-jal.gob.mx\/web\/Reglamentos%20Municipales\/ley%20de%20ingresos%20tuxpan%202018.pdf\"><img loading=\"lazy\" decoding=\"async\" width=\"26\" height=\"25\" class=\"wp-image-2393\" style=\"width: 26px;\" src=\"https:\/\/www.tuxpan-jal.gob.mx\/webok\/wp-content\/uploads\/2022\/01\/pdf-icon2.png\" alt=\"\"><\/a> <\/p>\n\n\n\n<p>Reglamento De Bienestar Y Protecci\u00f3n A Los Animales Para El Municipio De Tuxpan, Jalisco  <a href=\"http:\/\/tuxpan-jal.gob.mx\/web\/Reglamentos%20Municipales\/reglamento%20de%20bienestar%20y%20proteccion%20a%20los%20animales%20para%20el%20municipio%20de%20tuxpan%20jalisco.pdf\"><img loading=\"lazy\" decoding=\"async\" width=\"26\" height=\"25\" class=\"wp-image-2393\" style=\"width: 26px;\" src=\"https:\/\/www.tuxpan-jal.gob.mx\/webok\/wp-content\/uploads\/2022\/01\/pdf-icon2.png\" alt=\"\"><\/a> <\/p>\n\n\n\n<p>Reglamento Del Consejo Municipal De Desarrollo Rural Sustentable Del Municipio De Tuxpan Jalisco <a rel=\"noreferrer noopener\" href=\"https:\/\/tuxpan-jal.gob.mx\/transparencia-2022\/REGLAMENTO%20DEL%20CONSEJO%20MUNICIPAL%20DE%20DESARROLLO%20RURAL%20SUSTENTABLE%20%20DEL%20MUNICIPIO%20DE%20TUXPAN%20JALISCO.pdf\" target=\"_blank\"><img loading=\"lazy\" decoding=\"async\" width=\"26\" height=\"25\" class=\"wp-image-2393\" style=\"width: 26px;\" src=\"https:\/\/www.tuxpan-jal.gob.mx\/webok\/wp-content\/uploads\/2022\/01\/pdf-icon2.png\" alt=\"\"><\/a><\/p>\n","protected":false},"excerpt":{"rendered":"<p>Reglamento de Participaci\u00f3n Ciudadana Reformado C\u00f3digo de \u00e9tica atribuciones de bienestar ind\u00edgena de Tuxpan 2022 Reglamento General De Gobierno Y Del Municipio De Tuxpan, Jalisco Reglamento<span class=\"excerpt-hellip\"> [\u2026]<\/span><\/p>\n","protected":false},"author":1,"featured_media":0,"parent":0,"menu_order":0,"comment_status":"closed","ping_status":"closed","template":"","meta":{"ub_ctt_via":"","footnotes":""},"class_list":["post-4425","page","type-page","status-publish","hentry"],"featured_image_src":null,"_links":{"self":[{"href":"https:\/\/www.tuxpan-jal.gob.mx\/webok\/index.php?rest_route=\/wp\/v2\/pages\/4425","targetHints":{"allow":["GET"]}}],"collection":[{"href":"https:\/\/www.tuxpan-jal.gob.mx\/webok\/index.php?rest_route=\/wp\/v2\/pages"}],"about":[{"href":"https:\/\/www.tuxpan-jal.gob.mx\/webok\/index.php?rest_route=\/wp\/v2\/types\/page"}],"author":[{"embeddable":true,"href":"https:\/\/www.tuxpan-jal.gob.mx\/webok\/index.php?rest_route=\/wp\/v2\/users\/1"}],"replies":[{"embeddable":true,"href":"https:\/\/www.tuxpan-jal.gob.mx\/webok\/index.php?rest_route=%2Fwp%2Fv2%2Fcomments&post=4425"}],"version-history":[{"count":6,"href":"https:\/\/www.tuxpan-jal.gob.mx\/webok\/index.php?rest_route=\/wp\/v2\/pages\/4425\/revisions"}],"predecessor-version":[{"id":25570,"href":"https:\/\/www.tuxpan-jal.gob.mx\/webok\/index.php?rest_route=\/wp\/v2\/pages\/4425\/revisions\/25570"}],"wp:attachment":[{"href":"https:\/\/www.tuxpan-jal.gob.mx\/webok\/index.php?rest_route=%2Fwp%2Fv2%2Fmedia&parent=4425"}],"curies":[{"name":"wp","href":"https:\/\/api.w.org\/{rel}","templated":true}]}}